{"id":430,"date":"2017-05-18T14:39:25","date_gmt":"2017-05-18T12:39:25","guid":{"rendered":"http:\/\/yasminholz.de\/?page_id=430"},"modified":"2018-06-05T20:58:12","modified_gmt":"2018-06-05T18:58:12","slug":"impressum","status":"publish","type":"page","link":"https:\/\/yasminholz.de\/?page_id=430","title":{"rendered":"Impressum"},"content":{"rendered":"<p>[vc_row css_animation=&#8220;&#8220; row_type=&#8220;row&#8220; use_row_as_full_screen_section=&#8220;no&#8220; type=&#8220;full_width&#8220; angled_section=&#8220;no&#8220; text_align=&#8220;left&#8220; background_image_as_pattern=&#8220;without_pattern&#8220; el_class=&#8220;hWrapper_medical_wellness&#8220;][vc_column][vc_empty_space height=&#8220;&#8220; el_class=&#8220;first_space&#8220;][vc_single_image image=&#8220;516&#8243; img_size=&#8220;64&#215;64&#8243; alignment=&#8220;center&#8220; qode_css_animation=&#8220;&#8220;][vc_empty_space height=&#8220;24px&#8220;][vc_column_text]<\/p>\n<h1 style=\"text-align: center;\">Impressum<\/h1>\n<p>[\/vc_column_text][\/vc_column][\/vc_row][vc_row css_animation=&#8220;&#8220; row_type=&#8220;row&#8220; use_row_as_full_screen_section=&#8220;no&#8220; type=&#8220;full_width&#8220; angled_section=&#8220;no&#8220; text_align=&#8220;left&#8220; background_image_as_pattern=&#8220;without_pattern&#8220;][vc_column][vc_empty_space height=&#8220;64px&#8220;][vc_column_text el_class=&#8220;small_content_width&#8220;]<strong>Pflichtangaben zum Dienstanbieter gem\u00e4\u00df \u00a7 5 Abs. 1 TMG (Telemediengesetz):<\/strong>[\/vc_column_text][vc_empty_space][vc_column_text el_class=&#8220;small_content_width&#8220;]<strong>Praxis Yasmin Holz<\/strong><br \/>\nInhaberin: Yasmin Holz, Augartenstr. 13[\/vc_column_text][vc_empty_space height=&#8220;16px&#8220;][vc_column_text el_class=&#8220;small_content_width&#8220;]Tel.: 06 21 \/ 438 292 00<br \/>\nFax: 06 21 \/ 438 292 01<br \/>\nE-Mail: info@yasminholz.de[\/vc_column_text][vc_empty_space height=&#8220;16px&#8220;][vc_column_text el_class=&#8220;small_content_width&#8220;]Inhaltlich verantwortlich f\u00fcr journalistisch-redaktionell gestaltete Angebote i.S.v. \u00a7 55 RStV (Rundfunkstaatsvertrag):<br \/>\nYasmin Holz, Augartenstr. 13, 68165 Mannheim[\/vc_column_text][vc_empty_space][vc_column_text el_class=&#8220;small_content_width&#8220;]<strong>Berufsrechtliche Regelungen<br \/>\n<\/strong>Berufsbezeichnung: Physiotherapeut \/ Physiotherapeutin, verliehen in Deutschland<br \/>\nBerufsrechtliche Regelung: Gesetz \u00fcber die Berufe in der Physiotherapie (MPhG)<br \/>\nAufsichtsbeh\u00f6rde: Gesundheitsamt der Stadt Mannheim, Anschrift, PLZ Mannheim[\/vc_column_text][vc_empty_space][vc_column_text el_class=&#8220;small_content_width&#8220;]<strong>Haftungshinweis<br \/>\n<\/strong>Trotz sorgf\u00e4ltiger inhaltlicher Kontrolle \u00fcbernehmen wir keine Haftung f\u00fcr die Inhalte externer Links. F\u00fcr den Inhalt der verlinkten Seiten sind ausschlie\u00dflich deren Betreiber verantwortlich.[\/vc_column_text][vc_empty_space][vc_column_text el_class=&#8220;small_content_width&#8220;]<strong>Urheberrecht<br \/>\n<\/strong>Alle auf dieser Website verwendeten Texte und Grafiken (inkl. Bilder) unterliegen dem Urheberrecht der Praxis Yasmin Holz und\/oder Dritten und sind somit urheberrechtlich gesch\u00fctzt. Ohne schriftliche Genehmigung d\u00fcrfen keine Inhalte (auch keine Ausschnitte, Bilder) in irgendeiner Form reproduziert noch durch elektronische Systeme verarbeitet, vervielf\u00e4ltigt oder verbreitet werden.[\/vc_column_text][vc_empty_space][vc_column_text el_class=&#8220;small_content_width&#8220;]<strong>Datenschutz \/ Erfassung von Daten<br \/>\n<\/strong>Sie k\u00f6nnen unsere Online-Pr\u00e4sentation grunds\u00e4tzlich ohne Offenlegung Ihrer pers\u00f6nlichen Daten nutzen. Durch das Aufrufen unserer Website werden auf den Servern unseres technischen Dienstanbieters Daten f\u00fcr Sicherungszwecke gespeichert, wie der Name Ihres Internetserviceproviders, die Website, von der aus Sie uns besuchen, die Websites, die Sie bei uns besuchen und Ihre IP-Adresse. Diese Daten w\u00fcrden m\u00f6glicherweise eine Identifizierung zulassen, allerdings findet von uns diesbez\u00fcglich keine personenbezogene Verwertung statt. Sie k\u00f6nnen zu statistischen Zwecken ausgewertet werden, wobei der einzelne Benutzer jedoch anonym bleibt. Soweit Daten an externe Dienstleister weitergegeben werden, haben wir durch technische und organisatorische Ma\u00dfnahmen sichergestellt, dass die Vorschriften des Datenschutzes beachtet werden. Unser Internetauftritt integriert Inhalte anderer Anbieter. Dies k\u00f6nnen reine Content-Elemente (z.B. Nachrichten, Neuigkeiten) aber auch Widgets (Funktionen wie z.B. Wetternachrichten) sein. Aus technischen Gr\u00fcnden erfolgt dies, indem diese Inhalte vom Browser von anderen Servern geladen werden. In diesem Zusammenhang wird die aktuell von Ihrem Browser verwendete IP \u00fcbermittelt.[\/vc_column_text][vc_empty_space][vc_column_text el_class=&#8220;small_content_width&#8220;]<u>Erhebung und Verarbeitung pers\u00f6nlicher Daten<\/u><\/p>\n<p>Personenbezogene Daten werden nur dann erhoben, wenn Sie uns diese von sich aus, z.B. im Rahmen einer Registrierung, durch das Ausf\u00fcllen von Formularen oder das Versenden von E-Mails, im Rahmen der Bestellung von Produkten oder Dienstleistungen, Anfragen oder Anforderung von Material oder im Mitgliederbereich zur Verf\u00fcgung stellen. Die Datenbank und ihre Inhalte bleiben bei uns und unserem technischen Dienstanbieter. Ihre pers\u00f6nlichen Daten werden in keiner Form von uns oder von uns beauftragten Personen Dritten zur Verf\u00fcgung gestellt, es sei denn, dass hierzu Ihr Einverst\u00e4ndnis oder eine beh\u00f6rdliche Anordnung vorliegt.[\/vc_column_text][vc_empty_space height=&#8220;16px&#8220;][vc_column_text el_class=&#8220;small_content_width&#8220;]<u>Verwendungszwecke<\/u><\/p>\n<p>Die von Ihnen erfassten pers\u00f6nlichen Daten werden wir nur dazu verwenden, Ihnen die gew\u00fcnschten Produkte oder Dienstleistungen bereitzustellen, oder aber zu anderen Zwecken, f\u00fcr die Sie Ihre Einwilligung erteilt haben, sofern keine anderslautenden gesetzlichen Verpflichtungen bestehen.[\/vc_column_text][vc_empty_space][vc_column_text el_class=&#8220;small_content_width&#8220;]<strong>Nutzung von Google Analytics<br \/>\n<\/strong>\u201eDiese Website benutzt Google Analytics, einen Webanalysedienst der Google Inc. (\u201eGoogle\u201c). Google Analytics verwendet sog. \u201eCookies\u201c, Textdateien, die auf Ihrem Computer gespeichert werden und die eine Analyse der Benutzung der Website durch Sie erm\u00f6glichen. Die durch den Cookie erzeugten Informationen \u00fcber Ihre Benutzung dieser Website werden in der Regel an einen Server von Google in den USA \u00fcbertragen und dort gespeichert. Im Falle der Aktivierung der IP-Anonymisierung auf dieser Webseite, wird Ihre IP-Adresse von Google jedoch innerhalb von Mitgliedstaaten der Europ\u00e4ischen Union oder in anderen Vertragsstaaten des Abkommens \u00fcber den Europ\u00e4ischen Wirtschaftsraum zuvor gek\u00fcrzt. Nur in Ausnahmef\u00e4llen wird die volle IP-Adresse an einen Server von Google in den USA \u00fcbertragen und dort gek\u00fcrzt. Im Auftrag des Betreibers dieser Website wird Google diese Informationen benutzen, um Ihre Nutzung der Website auszuwerten, um Reports \u00fcber die Websiteaktivit\u00e4ten zusammenzustellen und um weitere mit der Websitenutzung und der Internetnutzung verbundene Dienstleistungen gegen\u00fcber dem Websitebetreiber zu erbringen. Die im Rahmen von Google Analytics von Ihrem Browser \u00fcbermittelte IP-Adresse wird nicht mit anderen Daten von Google zusammengef\u00fchrt. Sie k\u00f6nnen die Speicherung der Cookies durch eine entsprechende Einstellung Ihrer Browser-Software verhindern; wir weisen Sie jedoch darauf hin, dass Sie in diesem Fall gegebenenfalls nicht s\u00e4mtliche Funktionen dieser Website vollumf\u00e4nglich werden nutzen k\u00f6nnen. Sie k\u00f6nnen dar\u00fcber hinaus die Erfassung der durch das Cookie erzeugten und auf Ihre Nutzung der Website bezogenen Daten (inkl. Ihrer IP-Adresse) an Google sowie die Verarbeitung dieser Daten durch Google verhindern, indem sie das unter dem folgenden Link (https:\/\/tools.google.com\/dlpage\/gaoptout?hl=de) verf\u00fcgbare Browser-Plugin herunterladen und installieren.<\/p>\n<p>N\u00e4here Informationen hierzu finden Sie unter https:\/\/tools.google.com\/dlpage\/gaoptout?hl=de bzw. unter https:\/\/www.google.com\/intl\/de\/analytics\/privacyoverview.html (allgemeine Informationen zu Google Analytics und Datenschutz).[\/vc_column_text][vc_empty_space][vc_column_text el_class=&#8220;small_content_width&#8220;]<strong>Einsatz von Cookies<\/strong><br \/>\nIn einigen Bereichen der Website werden sogenannte Cookies eingesetzt, um Ihnen unsere Leistung individueller zur Verf\u00fcgung stellen zu k\u00f6nnen. Cookies sind Kennungen, die ein Webserver an Ihren Computer senden kann, um ihn f\u00fcr die Dauer des Besuches zu identifizieren. Die meisten Browser sind so eingestellt, dass sie Cookies automatisch akzeptieren. Sie k\u00f6nnen das Speichern von Cookies aber auch deaktivieren oder Ihren Browser so einstellen, dass er Sie \u00fcber die Platzierung von Cookies informiert. Sofern Cookies nicht nur f\u00fcr die Dauer der jeweiligen Sitzung gespeichert und danach automatisiert gel\u00f6scht werden, sondern l\u00e4ngerfristig auf Ihrem Rechner abgelegt werden sollen, werden Sie beim Setzen eines solchen Cookies unterrichtet.[\/vc_column_text][vc_empty_space][vc_column_text el_class=&#8220;small_content_width&#8220;]<strong>Kontaktformular<br \/>\n<\/strong>Die personenbezogenen Daten, die Sie uns im Rahmen einer Kontaktanfrage z.B. mittels eines Kontaktformulars zur Verf\u00fcgung stellen, werden nur f\u00fcr die Beantwortung Ihrer Anfrage bzw. Kontaktaufnahme und f\u00fcr die damit verbundene technische Administration verwendet. Die Weitergabe an Dritte findet nicht statt. Sie haben das Recht, eine erteilte Einwilligung mit Wirkung f\u00fcr die Zukunft jederzeit zu widerrufen. In diesem Fall werden Ihre personenbezogenen Daten umgehend gel\u00f6scht. Ihre personenbezogenen Daten werden auch ohne Ihren Widerruf gel\u00f6scht, wenn wir Ihre Anfrage bearbeitet haben oder Sie die hier erteilte Einwilligung zur Speicherung widerrufen. Dies geschieht auch, wenn die Speicherung aus sonstigen gesetzlichen Gr\u00fcnden unzul\u00e4ssig ist.[\/vc_column_text][vc_empty_space][vc_column_text el_class=&#8220;small_content_width&#8220;]<strong>Anpassungen<\/strong><br \/>\nDie st\u00e4ndige Entwicklung des Internet macht von Zeit zu Zeit Anpassungen unserer Datenschutzerkl\u00e4rung erforderlich. Wir behalten uns vor, jederzeit entsprechende \u00c4nderungen vorzunehmen.[\/vc_column_text][vc_empty_space][vc_column_text el_class=&#8220;small_content_width&#8220;]<strong>Bildnachweise<\/strong><br \/>\nDie Bilder, die hier auf dieser Website Verwendung finden stammen von:[\/vc_column_text][vc_empty_space height=&#8220;12px&#8220;][vc_column_text el_class=&#8220;small_content_width&#8220;]<a style=\"color: #008595;\" href=\"https:\/\/www.benvanskyhawk.com\">benvanskyhawk.com<\/a>,<\/p>\n<p><a style=\"color: #008595;\" href=\"https:\/\/www.shutterstock.com\/de\/g\/Imcsike\">Imcsike<\/a> \/ shutterstock,<br \/>\n<span class=\"s1\">Dmytro Zinkevych<\/span><span class=\"s2\">\u00a0\/ shutterstock,<br \/>\n<\/span><span class=\"s3\">Ambrophoto<\/span><span class=\"s2\">\u00a0\/ shutterstock,<br \/>\n<\/span><a style=\"color: #008595;\" href=\"https:\/\/www.shutterstock.com\/de\/g\/YAKOBCHUK+VIACHESLAV\">Yakobchuk Viacheslav<\/a> \/ shutterstock,<br \/>\n<a style=\"color: #008595;\" href=\"https:\/\/www.shutterstock.com\/de\/g\/Undrey\">Undrey<\/a> \/ shutterstock<br \/>\nk\u00e4uflich erworben bei shutterstock[\/vc_column_text][vc_empty_space][vc_column_text el_class=&#8220;small_content_width&#8220;]<strong>Konzept und Gestaltung:<\/strong><br \/>\n<a style=\"color: #008595;\" href=\"https:\/\/www.raum-mannheim.com\/\">raum-mannheim.com<\/a>[\/vc_column_text][\/vc_column][\/vc_row][vc_row css_animation=&#8220;&#8220; row_type=&#8220;row&#8220; use_row_as_full_screen_section=&#8220;no&#8220; type=&#8220;full_width&#8220; angled_section=&#8220;no&#8220; text_align=&#8220;left&#8220; background_image_as_pattern=&#8220;without_pattern&#8220;][vc_column][vc_empty_space][vc_column_text el_class=&#8220;link&#8220;]<\/p>\n<p style=\"text-align: center;\"><a class=\"link\" href=\"https:\/\/yasminholz.de\/#leistungen\">zur\u00fcck<\/a><\/p>\n<p>[\/vc_column_text][vc_empty_space height=&#8220;96px&#8220;][\/vc_column][\/vc_row][vc_row css_animation=&#8220;&#8220; row_type=&#8220;row&#8220; use_row_as_full_screen_section=&#8220;no&#8220; type=&#8220;full_width&#8220; angled_section=&#8220;no&#8220; text_align=&#8220;left&#8220; background_image_as_pattern=&#8220;without_pattern&#8220;][vc_column][vc_raw_html]JTNDZGl2JTIwc3R5bGUlM0QlMjJ0ZXh0LWFsaWduJTNBY2VudGVyJTNCJTIwd2lkdGglM0ElMjAxMDAlMjUlM0IlMjIlM0UlMEElM0NpbWclMjBzcmMlM0QlMjJodHRwcyUzQSUyRiUyRnlhc21pbmhvbHouZGUlMkZ3cC1jb250ZW50JTJGdXBsb2FkcyUyRjIwMTclMkYwNSUyRmxvZ29feWhfaW52ZXJ0LnBuZyUyMiUyMHN0eWxlJTNEJTIyd2lkdGglM0ElMjAxMjhweCUzQiUyMiUzRSUzQ2JyJTNFJTNDYnIlM0UlMEElM0NzcGFuJTIwc3R5bGUlM0QlMjJmb250LXNpemUlM0ElMjAxOHB4JTNCJTIwY29sb3IlM0ElMjMwMDg1OTUlM0IlMjBsZXR0ZXItc3BhY2luZyUzQSUyMDJweCUzQiUyMiUzRVlBU01JTiUyMEhPTFolMjAlRTIlODAlOTMlMjBESUUlMjBLJUMzJTk2UlBFUldFUktTVEFUVCUzQyUyRnNwYW4lM0UlM0NiciUzRSUzQ2JyJTNFJTBBJTNDc3BhbiUyMHN0eWxlJTNEJTIyZm9udC1zaXplJTNBJTIwMThweCUzQiUyMGNvbG9yJTNBJTIzMDA4NTk1JTNCJTIyJTNFQXVnYXJ0ZW5zdHIuJTIwMTMlMkMlMjA2ODE2NSUyME1hbm5oZWltJTNDYnIlM0UlMEElM0NiciUzRSUwQVRlbCUzQSUyMDA2MjElMjAlMkYlMjA0MzglMjAyOTIlMjAwMCUzQ2JyJTNFJTBBTWFpbCUzQSUyMCUzQ2ElMjBocmVmJTNEJTIybWFpbHRvJTNBaW5mbyU0MHlhc21pbmhvbHouZGUlMjIlMjBzdHlsZSUzRCUyMmNvbG9yJTNBJTIwJTIzMDA4NTk1JTNCJTIyJTNFaW5mbyU0MHlhc21pbmhvbHouZGUlM0MlMkZhJTNFJTNDYnIlM0UlMEElM0NhJTIwY2xhc3MlM0QlMjJkYXJrJTIyJTIwc3R5bGUlM0QlMjJjb2xvciUzQSUyMCUyMzAwODU5NSUzQiUyMiUyMGhyZWYlM0QlMjIlMkYlM0ZwYWdlX2lkJTNENDMwJTIyJTNFSW1wcmVzc3VtJTNDJTJGYSUzRSUyMCU3QyUyMCUzQ2ElMjBjbGFzcyUzRCUyMmRhcmslMjIlMjBzdHlsZSUzRCUyMmNvbG9yJTNBJTIwJTIzMDA4NTk1JTNCJTIyJTIwaHJlZiUzRCUyMiUyRiUzRnBhZ2VfaWQlM0Q2MDclMjIlM0VEYXRlbnNjaHV0eiUzQyUyRmElM0UlMEElM0MlMkZzcGFuJTNFJTBBJTNDYnIlM0UlM0NiciUzRSUwQSUzQyUyRmRpdiUzRQ==[\/vc_raw_html][\/vc_column][\/vc_row]<\/p>\n","protected":false},"excerpt":{"rendered":"<p>[vc_row css_animation=&#8220;&#8220; row_type=&#8220;row&#8220; use_row_as_full_screen_section=&#8220;no&#8220; type=&#8220;full_width&#8220; angled_section=&#8220;no&#8220; text_align=&#8220;left&#8220; background_image_as_pattern=&#8220;without_pattern&#8220; el_class=&#8220;hWrapper_medical_wellness&#8220;][vc_column][vc_empty_space height=&#8220;&#8220; el_class=&#8220;first_space&#8220;][vc_single_image image=&#8220;516&#8243; img_size=&#8220;64&#215;64&#8243; alignment=&#8220;center&#8220; qode_css_animation=&#8220;&#8220;][vc_empty_space height=&#8220;24px&#8220;][vc_column_text] Impressum [\/vc_column_text][\/vc_column][\/vc_row][vc_row css_animation=&#8220;&#8220; row_type=&#8220;row&#8220; use_row_as_full_screen_section=&#8220;no&#8220; type=&#8220;full_width&#8220; angled_section=&#8220;no&#8220; text_align=&#8220;left&#8220; background_image_as_pattern=&#8220;without_pattern&#8220;][vc_column][vc_empty_space height=&#8220;64px&#8220;][vc_column_text el_class=&#8220;small_content_width&#8220;]Pflichtangaben zum Dienstanbieter gem\u00e4\u00df \u00a7 5 Abs. 1 TMG (Telemediengesetz):[\/vc_column_text][vc_empty_space][vc_column_text el_class=&#8220;small_content_width&#8220;]Praxis Yasmin Holz Inhaberin: Yasmin Holz, Augartenstr. 13[\/vc_column_text][vc_empty_space height=&#8220;16px&#8220;][vc_column_text&#8230;<\/p>\n","protected":false},"author":1,"featured_media":0,"parent":0,"menu_order":0,"comment_status":"closed","ping_status":"closed","template":"","meta":{"inline_featured_image":false},"_links":{"self":[{"href":"https:\/\/yasminholz.de\/index.php?rest_route=\/wp\/v2\/pages\/430"}],"collection":[{"href":"https:\/\/yasminholz.de\/index.php?rest_route=\/wp\/v2\/pages"}],"about":[{"href":"https:\/\/yasminholz.de\/index.php?rest_route=\/wp\/v2\/types\/page"}],"author":[{"embeddable":true,"href":"https:\/\/yasminholz.de\/index.php?rest_route=\/wp\/v2\/users\/1"}],"replies":[{"embeddable":true,"href":"https:\/\/yasminholz.de\/index.php?rest_route=%2Fwp%2Fv2%2Fcomments&post=430"}],"version-history":[{"count":28,"href":"https:\/\/yasminholz.de\/index.php?rest_route=\/wp\/v2\/pages\/430\/revisions"}],"predecessor-version":[{"id":626,"href":"https:\/\/yasminholz.de\/index.php?rest_route=\/wp\/v2\/pages\/430\/revisions\/626"}],"wp:attachment":[{"href":"https:\/\/yasminholz.de\/index.php?rest_route=%2Fwp%2Fv2%2Fmedia&parent=430"}],"curies":[{"name":"wp","href":"https:\/\/api.w.org\/{rel}","templated":true}]}}