{"id":390,"date":"2017-05-04T15:27:11","date_gmt":"2017-05-04T13:27:11","guid":{"rendered":"http:\/\/yasminholz.de\/?page_id=390"},"modified":"2018-06-05T20:50:55","modified_gmt":"2018-06-05T18:50:55","slug":"regeneration","status":"publish","type":"page","link":"https:\/\/yasminholz.de\/?page_id=390","title":{"rendered":"Regeneration"},"content":{"rendered":"<p>[vc_row css_animation=&#8220;&#8220; row_type=&#8220;row&#8220; use_row_as_full_screen_section=&#8220;no&#8220; type=&#8220;full_width&#8220; angled_section=&#8220;no&#8220; text_align=&#8220;left&#8220; background_image_as_pattern=&#8220;without_pattern&#8220; el_class=&#8220;hWrapper_medical_wellness&#8220;][vc_column][vc_empty_space height=&#8220;&#8220; el_class=&#8220;first_space&#8220;][vc_single_image image=&#8220;333&#8243; img_size=&#8220;64&#215;64&#8243; alignment=&#8220;center&#8220; qode_css_animation=&#8220;&#8220;][vc_empty_space height=&#8220;24px&#8220;][vc_column_text]<\/p>\n<h1 style=\"text-align: center;\">Regeneration<\/h1>\n<p>[\/vc_column_text][vc_empty_space height=&#8220;24px&#8220;][vc_column_text el_class=&#8220;small_content_width&#8220;]Loslassen, entspannen und Kraft tanken: G\u00f6nnen Sie sich etwas! Unsere Behandlungen aus dem Bereich Medical Wellness unterst\u00fctzen die therapeutischen Ma\u00dfnahmen. Sch\u00f6pfen Sie durch bewusste Entspannung der Muskulatur und Anregung zentraler Positionen \u00a0neue Kr\u00e4fte.[\/vc_column_text][vc_empty_space height=&#8220;16px&#8220;][vc_column_text el_class=&#8220;small_content_width&#8220;]Neben der Linderung der Beschwerden und des Aufbaus der Muskulatur ist die entspannende Regeneration die K\u00fcr im System ganzheitlichen Wohlbefindens. Ein Topsportler kann nur Leistung aufrechterhalten und verbessern, wenn er die Phasen der Regeneration einh\u00e4lt. Daran k\u00f6nnen wir uns alle orientieren: Ohne Pause keine Leistung. G\u00f6nnen Sie sich diese bewusste Regeneration mit einer unserer Behandlungen.[\/vc_column_text][\/vc_column][\/vc_row][vc_row css_animation=&#8220;&#8220; row_type=&#8220;row&#8220; use_row_as_full_screen_section=&#8220;no&#8220; type=&#8220;full_width&#8220; angled_section=&#8220;no&#8220; text_align=&#8220;left&#8220; background_image_as_pattern=&#8220;without_pattern&#8220;][vc_column][vc_empty_space height=&#8220;64px&#8220;][vc_column_text]<\/p>\n<h3 style=\"text-align: center;\">Hot Stone Massage<\/h3>\n<p>[\/vc_column_text][vc_empty_space height=&#8220;24px&#8220;][vc_column_text el_class=&#8220;small_content_width&#8220;]Bei der Hot Stone Massage werden warme vulkanischen Basaltsteine eingesetzt. Zur Vorbereitung wird der K\u00f6rper entlang der gedachten Energielaufbahnen mit einem \u00e4therischem \u00d6l eingerieben. Die glatten Lavasteine erhitzen wir vor der Anwendung in etwa 60 Grad warmem Wasser, dadurch k\u00f6nnen sie die W\u00e4rme \u00fcber l\u00e4nger speichern. Die W\u00e4rmebehandlung l\u00f6st verspannte und verkrampfte Muskeln sogar bis in ihre tieferen Schichten. Diese Therapieform regt so auf angenehme Weise den\u00a0 Blutkreislauf an und f\u00f6rdert das allgemeine Wohlbefinden.[\/vc_column_text][\/vc_column][\/vc_row][vc_row css_animation=&#8220;&#8220; row_type=&#8220;row&#8220; use_row_as_full_screen_section=&#8220;no&#8220; type=&#8220;full_width&#8220; angled_section=&#8220;no&#8220; text_align=&#8220;left&#8220; background_image_as_pattern=&#8220;without_pattern&#8220;][vc_column][vc_empty_space height=&#8220;64px&#8220;][vc_column_text]<\/p>\n<h3 style=\"text-align: center;\">Fussreflexzonenmassage<\/h3>\n<p>[\/vc_column_text][vc_empty_space height=&#8220;24px&#8220;][vc_column_text el_class=&#8220;small_content_width&#8220;]Bei der Fussreflexzonenmassage geht man davon aus, dass sich in den F\u00fc\u00dfen alle K\u00f6rperteile und Organe widerspiegeln. Werden diese Zonen gezielt massiert, lassen sich die entsprechenden K\u00f6rperregionen positiv beeinflussen. Die Fu\u00dfreflexzonenmassage gilt als sogenannte Umstimmungstherapie \u2013 also als ein Behandlungsverfahren, dessen Ziel darin besteht, die K\u00f6rperreaktionen insgesamt positiv zu beeinflussen oder das Immunsystem anzuregen.[\/vc_column_text][\/vc_column][\/vc_row][vc_row css_animation=&#8220;&#8220; row_type=&#8220;row&#8220; use_row_as_full_screen_section=&#8220;no&#8220; type=&#8220;full_width&#8220; angled_section=&#8220;no&#8220; text_align=&#8220;left&#8220; background_image_as_pattern=&#8220;without_pattern&#8220;][vc_column][vc_empty_space height=&#8220;64px&#8220;][vc_column_text]<\/p>\n<h3 style=\"text-align: center;\">Wellness Massage<\/h3>\n<p>[\/vc_column_text][vc_empty_space height=&#8220;24px&#8220;][vc_column_text el_class=&#8220;small_content_width&#8220;]K\u00f6rperliche Entspannung finden Sie bei der Wellness Massage. Sie kann etwa Nacken- oder Schulterschmerzen mindern, die durch Verh\u00e4rtungen und Verspannungen der Muskulatur an diesen Punkten entstanden sind und steigert das allgemeine Wohlbefinden.[\/vc_column_text][\/vc_column][\/vc_row][vc_row css_animation=&#8220;&#8220; row_type=&#8220;row&#8220; use_row_as_full_screen_section=&#8220;no&#8220; type=&#8220;full_width&#8220; angled_section=&#8220;no&#8220; text_align=&#8220;left&#8220; background_image_as_pattern=&#8220;without_pattern&#8220;][vc_column][vc_empty_space][vc_column_text el_class=&#8220;link&#8220;]<\/p>\n<p style=\"text-align: center;\"><a class=\"link\" href=\"https:\/\/yasminholz.de\/#leistungen\">zur\u00fcck<\/a><\/p>\n<p>[\/vc_column_text][vc_empty_space height=&#8220;96px&#8220;][\/vc_column][\/vc_row][vc_row css_animation=&#8220;&#8220; row_type=&#8220;row&#8220; use_row_as_full_screen_section=&#8220;no&#8220; type=&#8220;full_width&#8220; angled_section=&#8220;no&#8220; text_align=&#8220;left&#8220; background_image_as_pattern=&#8220;without_pattern&#8220;][vc_column][vc_raw_html]JTNDZGl2JTIwc3R5bGUlM0QlMjJ0ZXh0LWFsaWduJTNBY2VudGVyJTNCJTIwd2lkdGglM0ElMjAxMDAlMjUlM0IlMjIlM0UlMEElM0NpbWclMjBzcmMlM0QlMjJodHRwcyUzQSUyRiUyRnlhc21pbmhvbHouZGUlMkZ3cC1jb250ZW50JTJGdXBsb2FkcyUyRjIwMTclMkYwNSUyRmxvZ29feWhfaW52ZXJ0LnBuZyUyMiUyMHN0eWxlJTNEJTIyd2lkdGglM0ElMjAxMjhweCUzQiUyMiUzRSUzQ2JyJTNFJTNDYnIlM0UlMEElM0NzcGFuJTIwc3R5bGUlM0QlMjJmb250LXNpemUlM0ElMjAxOHB4JTNCJTIwY29sb3IlM0ElMjMwMDg1OTUlM0IlMjBsZXR0ZXItc3BhY2luZyUzQSUyMDJweCUzQiUyMiUzRVlBU01JTiUyMEhPTFolMjAlRTIlODAlOTMlMjBESUUlMjBLJUMzJTk2UlBFUldFUktTVEFUVCUzQyUyRnNwYW4lM0UlM0NiciUzRSUzQ2JyJTNFJTBBJTNDc3BhbiUyMHN0eWxlJTNEJTIyZm9udC1zaXplJTNBJTIwMThweCUzQiUyMGNvbG9yJTNBJTIzMDA4NTk1JTNCJTIyJTNFQXVnYXJ0ZW5zdHIuJTIwMTMlMkMlMjA2ODE2NSUyME1hbm5oZWltJTNDYnIlM0UlMEElM0NiciUzRSUwQVRlbCUzQSUyMDA2MjElMjAlMkYlMjA0MzglMjAyOTIlMjAwMCUzQ2JyJTNFJTBBTWFpbCUzQSUyMCUzQ2ElMjBocmVmJTNEJTIybWFpbHRvJTNBaW5mbyU0MHlhc21pbmhvbHouZGUlMjIlMjBzdHlsZSUzRCUyMmNvbG9yJTNBJTIwJTIzMDA4NTk1JTNCJTIyJTNFaW5mbyU0MHlhc21pbmhvbHouZGUlM0MlMkZhJTNFJTNDYnIlM0UlMEElM0NhJTIwY2xhc3MlM0QlMjJkYXJrJTIyJTIwc3R5bGUlM0QlMjJjb2xvciUzQSUyMCUyMzAwODU5NSUzQiUyMiUyMGhyZWYlM0QlMjIlMkYlM0ZwYWdlX2lkJTNENDMwJTIyJTNFSW1wcmVzc3VtJTNDJTJGYSUzRSUyMCU3QyUyMCUzQ2ElMjBjbGFzcyUzRCUyMmRhcmslMjIlMjBzdHlsZSUzRCUyMmNvbG9yJTNBJTIwJTIzMDA4NTk1JTNCJTIyJTIwaHJlZiUzRCUyMiUyRiUzRnBhZ2VfaWQlM0Q2MDclMjIlM0VEYXRlbnNjaHV0eiUzQyUyRmElM0UlMEElM0MlMkZzcGFuJTNFJTBBJTNDYnIlM0UlM0NiciUzRSUwQSUzQyUyRmRpdiUzRQ==[\/vc_raw_html][\/vc_column][\/vc_row]<\/p>\n","protected":false},"excerpt":{"rendered":"<p>[vc_row css_animation=&#8220;&#8220; row_type=&#8220;row&#8220; use_row_as_full_screen_section=&#8220;no&#8220; type=&#8220;full_width&#8220; angled_section=&#8220;no&#8220; text_align=&#8220;left&#8220; background_image_as_pattern=&#8220;without_pattern&#8220; el_class=&#8220;hWrapper_medical_wellness&#8220;][vc_column][vc_empty_space height=&#8220;&#8220; el_class=&#8220;first_space&#8220;][vc_single_image image=&#8220;333&#8243; img_size=&#8220;64&#215;64&#8243; alignment=&#8220;center&#8220; qode_css_animation=&#8220;&#8220;][vc_empty_space height=&#8220;24px&#8220;][vc_column_text] Regeneration [\/vc_column_text][vc_empty_space height=&#8220;24px&#8220;][vc_column_text el_class=&#8220;small_content_width&#8220;]Loslassen, entspannen und Kraft tanken: G\u00f6nnen Sie sich etwas! Unsere Behandlungen aus dem Bereich Medical Wellness unterst\u00fctzen die therapeutischen Ma\u00dfnahmen. Sch\u00f6pfen Sie durch bewusste Entspannung der&#8230;<\/p>\n","protected":false},"author":1,"featured_media":0,"parent":0,"menu_order":0,"comment_status":"closed","ping_status":"closed","template":"","meta":{"inline_featured_image":false},"_links":{"self":[{"href":"https:\/\/yasminholz.de\/index.php?rest_route=\/wp\/v2\/pages\/390"}],"collection":[{"href":"https:\/\/yasminholz.de\/index.php?rest_route=\/wp\/v2\/pages"}],"about":[{"href":"https:\/\/yasminholz.de\/index.php?rest_route=\/wp\/v2\/types\/page"}],"author":[{"embeddable":true,"href":"https:\/\/yasminholz.de\/index.php?rest_route=\/wp\/v2\/users\/1"}],"replies":[{"embeddable":true,"href":"https:\/\/yasminholz.de\/index.php?rest_route=%2Fwp%2Fv2%2Fcomments&post=390"}],"version-history":[{"count":20,"href":"https:\/\/yasminholz.de\/index.php?rest_route=\/wp\/v2\/pages\/390\/revisions"}],"predecessor-version":[{"id":623,"href":"https:\/\/yasminholz.de\/index.php?rest_route=\/wp\/v2\/pages\/390\/revisions\/623"}],"wp:attachment":[{"href":"https:\/\/yasminholz.de\/index.php?rest_route=%2Fwp%2Fv2%2Fmedia&parent=390"}],"curies":[{"name":"wp","href":"https:\/\/api.w.org\/{rel}","templated":true}]}}