{"id":323,"date":"2017-04-27T12:05:11","date_gmt":"2017-04-27T10:05:11","guid":{"rendered":"http:\/\/yasminholz.de\/?page_id=323"},"modified":"2018-06-05T20:51:31","modified_gmt":"2018-06-05T18:51:31","slug":"medical-wellness","status":"publish","type":"page","link":"https:\/\/yasminholz.de\/?page_id=323","title":{"rendered":"Therapie"},"content":{"rendered":"<p>[vc_row css_animation=&#8220;&#8220; row_type=&#8220;row&#8220; use_row_as_full_screen_section=&#8220;no&#8220; type=&#8220;full_width&#8220; angled_section=&#8220;no&#8220; text_align=&#8220;left&#8220; background_image_as_pattern=&#8220;without_pattern&#8220; el_class=&#8220;hWrapper_medical_wellness&#8220;][vc_column][vc_empty_space height=&#8220;&#8220; el_class=&#8220;first_space&#8220;][vc_single_image image=&#8220;485&#8243; img_size=&#8220;64&#215;64&#8243; alignment=&#8220;center&#8220; qode_css_animation=&#8220;&#8220;][vc_empty_space height=&#8220;24px&#8220;][vc_column_text]<\/p>\n<h1 style=\"text-align: center;\">Therapie<\/h1>\n<p>[\/vc_column_text][vc_empty_space height=&#8220;24px&#8220;][vc_column_text el_class=&#8220;small_content_width&#8220;]<\/p>\n<p class=\"Textbody\" style=\"line-height: 150%;\">Die Linderung Ihrer Beschwerden und die Kr\u00e4ftigung Ihrer Physiologie stehen im Zentrum der Behandlung. Egal ob Sie mit Rezept oder als Selbstzahler zu uns kommen \u2013 wir finden die richtige Therapie. Wir behandeln Sie passend zur Diagnose Ihres Arztes oder nach ausf\u00fchrlicher Diagnose und Beratung hier in der Praxis.<\/p>\n<p>[\/vc_column_text][vc_empty_space height=&#8220;16px&#8220;][vc_column_text el_class=&#8220;small_content_width&#8220;]<\/p>\n<p class=\"Textbody\" style=\"line-height: 150%;\">Patienten mit orthop\u00e4dischen, unfallchirurgischen, sporttraumatologischen sowie neurologischen Krankheitsbildern finden bei uns Hilfe. Aus einer Vielzahl von Behandlungsmethoden w\u00e4hlen wir das passende therapeutische Verfahren.<\/p>\n<p>[\/vc_column_text][vc_empty_space height=&#8220;16px&#8220;][vc_column_text el_class=&#8220;small_content_width&#8220;]<\/p>\n<p class=\"Textbody\" style=\"line-height: 150%;\">W\u00fcnschen Sie eine bestimmte Behandlungsmethode? Sprechen Sie uns darauf an. In entspannter Atmosph\u00e4re helfen wir Ihnen nach den neuesten wissenschaftlichen Erkenntnissen. Zur Gew\u00e4hrleistung unseres qualitativ hochwertigen Standards besuchen wir regelm\u00e4\u00dfig externe und interne Fortbildungen sowie medizinische Kongresse.<\/p>\n<p>[\/vc_column_text][\/vc_column][\/vc_row][vc_row css_animation=&#8220;&#8220; row_type=&#8220;row&#8220; use_row_as_full_screen_section=&#8220;no&#8220; type=&#8220;full_width&#8220; angled_section=&#8220;no&#8220; text_align=&#8220;left&#8220; background_image_as_pattern=&#8220;without_pattern&#8220;][vc_column][vc_empty_space height=&#8220;64px&#8220;][vc_column_text]<\/p>\n<h3 style=\"text-align: center;\">Manuelle Therapie<\/h3>\n<p>[\/vc_column_text][vc_empty_space height=&#8220;24px&#8220;][vc_column_text el_class=&#8220;small_content_width&#8220;]<\/p>\n<p class=\"Textbody\" style=\"line-height: 150%;\">Die manuelle Therapie hilft dabei, Beweglichkeit herzustellen und Funktionsst\u00f6rungen des Bewegungsapparates zu behandeln. Gelenke, Weichteile und Nerven werden mobilisiert, um Schmerzen zu minimieren. Ein Training zur Stabilisation rundet die Therapie ab, um das neu gewonnene Bewegungsausma\u00df zu erhalten.<\/p>\n<p>[\/vc_column_text][\/vc_column][\/vc_row][vc_row css_animation=&#8220;&#8220; row_type=&#8220;row&#8220; use_row_as_full_screen_section=&#8220;no&#8220; type=&#8220;full_width&#8220; angled_section=&#8220;no&#8220; text_align=&#8220;left&#8220; background_image_as_pattern=&#8220;without_pattern&#8220;][vc_column][vc_empty_space height=&#8220;64px&#8220;][vc_column_text]<\/p>\n<h3 style=\"text-align: center;\">Kiefergelenkstherapie<\/h3>\n<p>[\/vc_column_text][vc_empty_space height=&#8220;24px&#8220;][vc_column_text el_class=&#8220;small_content_width&#8220;]<\/p>\n<p class=\"Textbody\" style=\"line-height: 150%;\">Die Kiefergelenkstherapie als Spezialgebiet der Physiotherapie wird bei Symptome wie Z\u00e4hneknirschen, Kiefergelenks-, Ohren-, Kopf- und R\u00fcckenschmerzen sowie Schwindel, Migr\u00e4ne, Schulterverspannungen, H\u00fcft- und Knieprobleme eingesetzt. All diese Leiden k\u00f6nnen durch einen falschen Biss ausgel\u00f6st werden. Der Kauapparat z\u00e4hlt zu den kompliziertesten Systemen im K\u00f6rper und ist eng mit Kopf, Wirbels\u00e4ule, Gehirn und weiteren Organen verbunden.<\/p>\n<p>[\/vc_column_text][\/vc_column][\/vc_row][vc_row css_animation=&#8220;&#8220; row_type=&#8220;row&#8220; use_row_as_full_screen_section=&#8220;no&#8220; type=&#8220;full_width&#8220; angled_section=&#8220;no&#8220; text_align=&#8220;left&#8220; background_image_as_pattern=&#8220;without_pattern&#8220;][vc_column][vc_empty_space height=&#8220;64px&#8220;][vc_column_text]<\/p>\n<h3 style=\"text-align: center;\">Manuelle Lymphdrainage<\/h3>\n<p>[\/vc_column_text][vc_empty_space height=&#8220;24px&#8220;][vc_column_text el_class=&#8220;small_content_width&#8220;]<\/p>\n<p class=\"Textbody\" style=\"line-height: 150%;\">Die manuelle Lymphdrainage ist eine \u00d6dem- und Entstauungstherapie. Mit ihr k\u00f6nnen angeschwollene K\u00f6rperregionen beispielsweise nach Traumata und Operationen behandelt werden. Bei dieser Therapie werden kreisf\u00f6rmige Bewegungen mit leichtem Druck genutzt, um \u00fcbersch\u00fcssige Fl\u00fcssigkeit aus dem Gewebe in das Lymphgef\u00e4\u00dfsystem zu verschieben. Dadurch wird diese \u00fcber den Blutkreislauf abtransportiert.<\/p>\n<p>[\/vc_column_text][\/vc_column][\/vc_row][vc_row css_animation=&#8220;&#8220; row_type=&#8220;row&#8220; use_row_as_full_screen_section=&#8220;no&#8220; type=&#8220;full_width&#8220; angled_section=&#8220;no&#8220; text_align=&#8220;left&#8220; background_image_as_pattern=&#8220;without_pattern&#8220;][vc_column][vc_empty_space height=&#8220;64px&#8220;][vc_column_text]<\/p>\n<h3 style=\"text-align: center;\">Cranio Sacral Therapie<\/h3>\n<p>[\/vc_column_text][vc_empty_space height=&#8220;24px&#8220;][vc_column_text el_class=&#8220;small_content_width&#8220;]<\/p>\n<p class=\"Textbody\" style=\"line-height: 150%;\">Die Cranio Sacral Therapie ist ein Teilbereich der Osteopathie. Sie beruht unter anderem auf der Annahme, dass sich die rhythmischen Wellenbewegungen der Fl\u00fcssigkeit in Gehirn- und R\u00fcckenmark auf die \u00e4u\u00dferen Gewebe und Knochen \u00fcbertragen. Der \u201eEnergiefluss\u201c und die Aktivierung k\u00f6rpereigener \u201eSelbstheilungskr\u00e4fte\u201c stehen hier im Vordergrund. Durch Ber\u00fchrung von Kopf und R\u00fccken sammelt der Therapeut Informationen \u00fcber m\u00f6gliche Blockaden. Mit deren Hilfe k\u00f6nnen Funktionsst\u00f6rungen an K\u00f6rper und Sch\u00e4del behandelt werden.<\/p>\n<p>[\/vc_column_text][\/vc_column][\/vc_row][vc_row css_animation=&#8220;&#8220; row_type=&#8220;row&#8220; use_row_as_full_screen_section=&#8220;no&#8220; type=&#8220;full_width&#8220; angled_section=&#8220;no&#8220; text_align=&#8220;left&#8220; background_image_as_pattern=&#8220;without_pattern&#8220;][vc_column][vc_empty_space height=&#8220;64px&#8220;][vc_column_text]<\/p>\n<h3 style=\"text-align: center;\">Kinesio Tape<\/h3>\n<p>[\/vc_column_text][vc_empty_space height=&#8220;24px&#8220;][vc_column_text el_class=&#8220;small_content_width&#8220;]<\/p>\n<p class=\"Textbody\" style=\"line-height: 150%;\">Vor rund 30 Jahren entwickelte der japanische Chiropraktiker Kenzo Kase ein spezielles Pflaster: hochelastisch, atmungsaktiv und hautfreundlich. \u00c4hnlich der Haut, daher kaum sp\u00fcrbar, dehnt sich das Tape und zieht sich wieder zusammen. Dabei wirkt es schmerzlindernd und regt den Stoffwechsel an und schr\u00e4nkt im Alltag kaum ein.<\/p>\n<p>[\/vc_column_text][\/vc_column][\/vc_row][vc_row css_animation=&#8220;&#8220; row_type=&#8220;row&#8220; use_row_as_full_screen_section=&#8220;no&#8220; type=&#8220;full_width&#8220; angled_section=&#8220;no&#8220; text_align=&#8220;left&#8220; background_image_as_pattern=&#8220;without_pattern&#8220;][vc_column][vc_empty_space height=&#8220;64px&#8220;][vc_column_text]<\/p>\n<h3 style=\"text-align: center;\">Bobath-Konzept<\/h3>\n<p>[\/vc_column_text][vc_empty_space height=&#8220;24px&#8220;][vc_column_text el_class=&#8220;small_content_width&#8220;]<\/p>\n<p class=\"Textbody\" style=\"line-height: 150%;\">Mithilfe des Bobath-Konzepts k\u00f6nnen Erkrankungen des Zentralen Nervensystems behandelt werden, dazu z\u00e4hlen unter anderem Schlaganfall , Multiple Sklerose, Parkinson, Sch\u00e4del- Hirn- Traumata, Gehirnblutungen. Dieser Ansatz macht sich die lebenslange Lernf\u00e4higkeit des Gehirns, Neuroplastizit\u00e4t genannt, zunutze. Der Patient soll in seinem Alltag so selbstst\u00e4ndig wie m\u00f6glich leben k\u00f6nnen. Um dieses Ziel zu erreichen, wird ein individuelles Programm je nach Problemen und Bed\u00fcrfnissen des Patienten zusammengestellt.<\/p>\n<p>[\/vc_column_text][\/vc_column][\/vc_row][vc_row css_animation=&#8220;&#8220; row_type=&#8220;row&#8220; use_row_as_full_screen_section=&#8220;no&#8220; type=&#8220;full_width&#8220; angled_section=&#8220;no&#8220; text_align=&#8220;left&#8220; background_image_as_pattern=&#8220;without_pattern&#8220;][vc_column][vc_empty_space][vc_column_text el_class=&#8220;link&#8220;]<\/p>\n<p style=\"text-align: center;\"><a class=\"link\" href=\"https:\/\/yasminholz.de\/#leistungen\">zur\u00fcck<\/a><\/p>\n<p>[\/vc_column_text][vc_empty_space height=&#8220;96px&#8220;][\/vc_column][\/vc_row][vc_row css_animation=&#8220;&#8220; row_type=&#8220;row&#8220; use_row_as_full_screen_section=&#8220;no&#8220; type=&#8220;full_width&#8220; angled_section=&#8220;no&#8220; text_align=&#8220;left&#8220; background_image_as_pattern=&#8220;without_pattern&#8220;][vc_column][vc_raw_html]JTNDZGl2JTIwc3R5bGUlM0QlMjJ0ZXh0LWFsaWduJTNBY2VudGVyJTNCJTIwd2lkdGglM0ElMjAxMDAlMjUlM0IlMjIlM0UlMEElM0NpbWclMjBzcmMlM0QlMjJodHRwcyUzQSUyRiUyRnlhc21pbmhvbHouZGUlMkZ3cC1jb250ZW50JTJGdXBsb2FkcyUyRjIwMTclMkYwNSUyRmxvZ29feWhfaW52ZXJ0LnBuZyUyMiUyMHN0eWxlJTNEJTIyd2lkdGglM0ElMjAxMjhweCUzQiUyMiUzRSUzQ2JyJTNFJTNDYnIlM0UlMEElM0NzcGFuJTIwc3R5bGUlM0QlMjJmb250LXNpemUlM0ElMjAxOHB4JTNCJTIwY29sb3IlM0ElMjMwMDg1OTUlM0IlMjBsZXR0ZXItc3BhY2luZyUzQSUyMDJweCUzQiUyMiUzRVlBU01JTiUyMEhPTFolMjAlRTIlODAlOTMlMjBESUUlMjBLJUMzJTk2UlBFUldFUktTVEFUVCUzQyUyRnNwYW4lM0UlM0NiciUzRSUzQ2JyJTNFJTBBJTNDc3BhbiUyMHN0eWxlJTNEJTIyZm9udC1zaXplJTNBJTIwMThweCUzQiUyMGNvbG9yJTNBJTIzMDA4NTk1JTNCJTIyJTNFQXVnYXJ0ZW5zdHIuJTIwMTMlMkMlMjA2ODE2NSUyME1hbm5oZWltJTNDYnIlM0UlMEElM0NiciUzRSUwQVRlbCUzQSUyMDA2MjElMjAlMkYlMjA0MzglMjAyOTIlMjAwMCUzQ2JyJTNFJTBBTWFpbCUzQSUyMCUzQ2ElMjBocmVmJTNEJTIybWFpbHRvJTNBaW5mbyU0MHlhc21pbmhvbHouZGUlMjIlMjBzdHlsZSUzRCUyMmNvbG9yJTNBJTIwJTIzMDA4NTk1JTNCJTIyJTNFaW5mbyU0MHlhc21pbmhvbHouZGUlM0MlMkZhJTNFJTNDYnIlM0UlMEElM0NhJTIwY2xhc3MlM0QlMjJkYXJrJTIyJTIwc3R5bGUlM0QlMjJjb2xvciUzQSUyMCUyMzAwODU5NSUzQiUyMiUyMGhyZWYlM0QlMjIlMkYlM0ZwYWdlX2lkJTNENDMwJTIyJTNFSW1wcmVzc3VtJTNDJTJGYSUzRSUyMCU3QyUyMCUzQ2ElMjBjbGFzcyUzRCUyMmRhcmslMjIlMjBzdHlsZSUzRCUyMmNvbG9yJTNBJTIwJTIzMDA4NTk1JTNCJTIyJTIwaHJlZiUzRCUyMiUyRiUzRnBhZ2VfaWQlM0Q2MDclMjIlM0VEYXRlbnNjaHV0eiUzQyUyRmElM0UlMEElM0MlMkZzcGFuJTNFJTBBJTNDYnIlM0UlM0NiciUzRSUwQSUzQyUyRmRpdiUzRQ==[\/vc_raw_html][\/vc_column][\/vc_row]<\/p>\n","protected":false},"excerpt":{"rendered":"<p>[vc_row css_animation=&#8220;&#8220; row_type=&#8220;row&#8220; use_row_as_full_screen_section=&#8220;no&#8220; type=&#8220;full_width&#8220; angled_section=&#8220;no&#8220; text_align=&#8220;left&#8220; background_image_as_pattern=&#8220;without_pattern&#8220; el_class=&#8220;hWrapper_medical_wellness&#8220;][vc_column][vc_empty_space height=&#8220;&#8220; el_class=&#8220;first_space&#8220;][vc_single_image image=&#8220;485&#8243; img_size=&#8220;64&#215;64&#8243; alignment=&#8220;center&#8220; qode_css_animation=&#8220;&#8220;][vc_empty_space height=&#8220;24px&#8220;][vc_column_text] Therapie [\/vc_column_text][vc_empty_space height=&#8220;24px&#8220;][vc_column_text el_class=&#8220;small_content_width&#8220;] Die Linderung Ihrer Beschwerden und die Kr\u00e4ftigung Ihrer Physiologie stehen im Zentrum der Behandlung. Egal ob Sie mit Rezept oder als Selbstzahler zu uns kommen&#8230;<\/p>\n","protected":false},"author":1,"featured_media":0,"parent":0,"menu_order":0,"comment_status":"closed","ping_status":"closed","template":"","meta":{"inline_featured_image":false},"_links":{"self":[{"href":"https:\/\/yasminholz.de\/index.php?rest_route=\/wp\/v2\/pages\/323"}],"collection":[{"href":"https:\/\/yasminholz.de\/index.php?rest_route=\/wp\/v2\/pages"}],"about":[{"href":"https:\/\/yasminholz.de\/index.php?rest_route=\/wp\/v2\/types\/page"}],"author":[{"embeddable":true,"href":"https:\/\/yasminholz.de\/index.php?rest_route=\/wp\/v2\/users\/1"}],"replies":[{"embeddable":true,"href":"https:\/\/yasminholz.de\/index.php?rest_route=%2Fwp%2Fv2%2Fcomments&post=323"}],"version-history":[{"count":48,"href":"https:\/\/yasminholz.de\/index.php?rest_route=\/wp\/v2\/pages\/323\/revisions"}],"predecessor-version":[{"id":624,"href":"https:\/\/yasminholz.de\/index.php?rest_route=\/wp\/v2\/pages\/323\/revisions\/624"}],"wp:attachment":[{"href":"https:\/\/yasminholz.de\/index.php?rest_route=%2Fwp%2Fv2%2Fmedia&parent=323"}],"curies":[{"name":"wp","href":"https:\/\/api.w.org\/{rel}","templated":true}]}}